{"id":333,"date":"2023-03-13T14:19:05","date_gmt":"2023-03-13T14:19:05","guid":{"rendered":"https:\/\/cgp.mg\/?page_id=333"},"modified":"2023-03-22T09:17:15","modified_gmt":"2023-03-22T09:17:15","slug":"privacy-policy","status":"publish","type":"page","link":"https:\/\/cgp.mg\/fr\/privacy-policy\/","title":{"rendered":"Privacy policy"},"content":{"rendered":"\t\t<div data-elementor-type=\"wp-page\" data-elementor-id=\"333\" class=\"elementor elementor-333 elementor-327\" data-elementor-post-type=\"page\">\n\t\t\t\t\t\t<section class=\"elementor-section elementor-top-section elementor-element elementor-element-13c5370 elementor-section-boxed elementor-section-height-default elementor-section-height-default\" data-id=\"13c5370\" data-element_type=\"section\" data-e-type=\"section\" data-settings=\"{&quot;background_background&quot;:&quot;classic&quot;}\">\n\t\t\t\t\t\t\t<div class=\"elementor-background-overlay\"><\/div>\n\t\t\t\t\t\t\t<div class=\"elementor-container elementor-column-gap-default\">\n\t\t\t\t\t<div class=\"elementor-column elementor-col-100 elementor-top-column elementor-element elementor-element-e59c475\" data-id=\"e59c475\" data-element_type=\"column\" data-e-type=\"column\">\n\t\t\t<div class=\"elementor-widget-wrap elementor-element-populated\">\n\t\t\t\t\t\t<div class=\"elementor-element elementor-element-cd28655 elementor-widget elementor-widget-heading\" data-id=\"cd28655\" data-element_type=\"widget\" data-e-type=\"widget\" data-widget_type=\"heading.default\">\n\t\t\t\t<div class=\"elementor-widget-container\">\n\t\t\t\t\t<h1 class=\"elementor-heading-title elementor-size-default\">Politique de confidentialit\u00e9<\/h1>\t\t\t\t<\/div>\n\t\t\t\t<\/div>\n\t\t\t\t\t<\/div>\n\t\t<\/div>\n\t\t\t\t\t<\/div>\n\t\t<\/section>\n\t\t\t\t<section class=\"elementor-section elementor-top-section elementor-element elementor-element-b1c589a elementor-section-boxed elementor-section-height-default elementor-section-height-default\" data-id=\"b1c589a\" data-element_type=\"section\" data-e-type=\"section\">\n\t\t\t\t\t\t<div class=\"elementor-container elementor-column-gap-default\">\n\t\t\t\t\t<div class=\"elementor-column elementor-col-100 elementor-top-column elementor-element elementor-element-4ab3174\" data-id=\"4ab3174\" data-element_type=\"column\" data-e-type=\"column\">\n\t\t\t<div class=\"elementor-widget-wrap elementor-element-populated\">\n\t\t\t\t\t\t<div class=\"elementor-element elementor-element-27c931b elementor-widget elementor-widget-text-editor\" data-id=\"27c931b\" data-element_type=\"widget\" data-e-type=\"widget\" data-widget_type=\"text-editor.default\">\n\t\t\t\t<div class=\"elementor-widget-container\">\n\t\t\t\t\t\t\t\t\t<p>Notre site web respecte votre vie priv\u00e9e et s&rsquo;engage \u00e0 prot\u00e9ger vos informations personnelles. Cette politique de confidentialit\u00e9 explique quelles donn\u00e9es personnelles nous collectons, comment nous les utilisons et les prot\u00e9geons, et quels sont vos droits concernant vos informations personnelles.<\/p><h2>Informations que nous recueillons<\/h2><p>Lorsque vous visitez notre site web, nous pouvons recueillir les informations suivantes :<\/p><p>Des informations personnelles telles que votre nom, votre adresse \u00e9lectronique lorsque vous remplissez un formulaire de contact.<\/p><ul><li>Des donn\u00e9es d&rsquo;utilisation telles que votre adresse IP, votre type de navigateur et des informations sur votre appareil lorsque vous naviguez sur notre site web.<\/li><li>Des cookies et des technologies similaires pour personnaliser votre exp\u00e9rience et analyser la fa\u00e7on dont vous utilisez notre site web.<\/li><li>Pour plus d&rsquo;informations sur les cookies que nous utilisons, consultez notre politique en mati\u00e8re de cookies.<\/li><\/ul><h2>Comment nous utilisons vos informations<\/h2><p>Nous utilisons vos informations personnelles aux fins suivantes :<\/p><ul><li>Pour vous fournir les services et les informations que vous avez demand\u00e9s.<\/li><li>Am\u00e9liorer notre site web et nos services.<\/li><li>Pour communiquer avec vous au sujet de ce site web.<\/li><li>Respecter les obligations l\u00e9gales et prot\u00e9ger nos droits et nos int\u00e9r\u00eats.<\/li><li>Nous pouvons \u00e9galement utiliser vos informations \u00e0 d&rsquo;autres fins compatibles avec celles mentionn\u00e9es ci-dessus et raisonnablement pr\u00e9visibles.<\/li><\/ul><h2>Comment nous prot\u00e9geons vos informations<\/h2><p>Nous prenons au s\u00e9rieux la s\u00e9curit\u00e9 de vos informations personnelles et mettons en \u0153uvre des mesures techniques et organisationnelles appropri\u00e9es pour prot\u00e9ger vos donn\u00e9es contre l&rsquo;acc\u00e8s non autoris\u00e9, la divulgation ou l&rsquo;utilisation abusive. Nous limitons \u00e9galement l&rsquo;acc\u00e8s \u00e0 vos informations personnelles aux seuls employ\u00e9s, sous-traitants et prestataires de services qui en ont besoin pour accomplir leurs t\u00e2ches.<\/p><h2>Services de tiers<\/h2><p>Nous pouvons faire appel \u00e0 des services tiers pour nous aider \u00e0 exploiter notre site web et \u00e0 fournir nos services. Ces services peuvent avoir acc\u00e8s \u00e0 vos informations personnelles mais ne sont autoris\u00e9s \u00e0 les utiliser que dans le but de nous fournir des services.<\/p><p>Nous pouvons \u00e9galement utiliser des services d&rsquo;analyse tiers pour collecter des informations sur votre utilisation de notre site web. Ces services peuvent utiliser des cookies et d&rsquo;autres technologies de suivi pour collecter des donn\u00e9es d&rsquo;utilisation.<\/p><h2>Liens vers d&rsquo;autres sites web<\/h2><p>Notre site web peut contenir des liens vers d&rsquo;autres sites web. Nous ne sommes pas responsables des pratiques en mati\u00e8re de protection de la vie priv\u00e9e ou du contenu de ces sites web. Nous vous encourageons \u00e0 consulter les politiques de confidentialit\u00e9 de ces sites avant de fournir des informations personnelles.<\/p><h2>Vos droits<\/h2><p>Vous avez le droit d&rsquo;acc\u00e9der, de corriger et de supprimer les informations personnelles que nous avons collect\u00e9es. Vous avez \u00e9galement le droit de vous opposer au traitement de vos informations personnelles, de restreindre leur utilisation et de nous demander de les transf\u00e9rer \u00e0 une autre organisation.<\/p><p>Pour exercer vos droits ou d\u00e9poser une plainte, veuillez nous contacter aux coordonn\u00e9es indiqu\u00e9es ci-dessous.<\/p><h2>Modifications de la pr\u00e9sente politique<\/h2><p>Nous nous r\u00e9servons le droit de modifier cette politique de confidentialit\u00e9 \u00e0 tout moment. Toute modification sera effective d\u00e8s sa publication sur notre site web. Nous vous encourageons \u00e0 consulter r\u00e9guli\u00e8rement cette politique de confidentialit\u00e9 afin de rester inform\u00e9 de la mani\u00e8re dont nous prot\u00e9geons vos informations.<\/p><h2>Contactez nous<\/h2><p>Si vous avez des questions ou des pr\u00e9occupations concernant nos pratiques en mati\u00e8re de protection de la vie priv\u00e9e ou la pr\u00e9sente politique de confidentialit\u00e9, veuillez nous contacter.<\/p>\t\t\t\t\t\t\t\t<\/div>\n\t\t\t\t<\/div>\n\t\t\t\t\t<\/div>\n\t\t<\/div>\n\t\t\t\t\t<\/div>\n\t\t<\/section>\n\t\t\t\t<\/div>\n\t\t","protected":false},"excerpt":{"rendered":"<p>Politique de confidentialit\u00e9 Notre site web respecte votre vie priv\u00e9e et s&rsquo;engage \u00e0 prot\u00e9ger vos informations personnelles. Cette politique de confidentialit\u00e9 explique quelles donn\u00e9es personnelles nous collectons, comment nous les utilisons et les prot\u00e9geons, et quels sont vos droits concernant vos informations personnelles. Informations que nous recueillons Lorsque vous visitez notre site web, nous pouvons [&hellip;]<\/p>\n","protected":false},"author":3,"featured_media":0,"parent":0,"menu_order":0,"comment_status":"closed","ping_status":"closed","template":"elementor_header_footer","meta":{"footnotes":""},"class_list":["post-333","page","type-page","status-publish","hentry"],"yoast_head":"<!-- This site is optimized with the Yoast SEO plugin v27.3 - https:\/\/yoast.com\/product\/yoast-seo-wordpress\/ -->\n<title>Privacy policy - CGP<\/title>\n<meta name=\"robots\" content=\"index, follow, max-snippet:-1, max-image-preview:large, max-video-preview:-1\" \/>\n<link rel=\"canonical\" href=\"https:\/\/cgp.mg\/fr\/privacy-policy\/\" \/>\n<meta property=\"og:locale\" content=\"fr_FR\" \/>\n<meta property=\"og:type\" content=\"article\" \/>\n<meta property=\"og:title\" content=\"Privacy policy - CGP\" \/>\n<meta property=\"og:description\" content=\"Politique de confidentialit\u00e9 Notre site web respecte votre vie priv\u00e9e et s&rsquo;engage \u00e0 prot\u00e9ger vos informations personnelles. Cette politique de confidentialit\u00e9 explique quelles donn\u00e9es personnelles nous collectons, comment nous les utilisons et les prot\u00e9geons, et quels sont vos droits concernant vos informations personnelles. Informations que nous recueillons Lorsque vous visitez notre site web, nous pouvons [&hellip;]\" \/>\n<meta property=\"og:url\" content=\"https:\/\/cgp.mg\/fr\/privacy-policy\/\" \/>\n<meta property=\"og:site_name\" content=\"CGP\" \/>\n<meta property=\"article:modified_time\" content=\"2023-03-22T09:17:15+00:00\" \/>\n<meta name=\"twitter:card\" content=\"summary_large_image\" \/>\n<meta name=\"twitter:label1\" content=\"Dur\u00e9e de lecture estim\u00e9e\" \/>\n\t<meta name=\"twitter:data1\" content=\"3 minutes\" \/>\n<script type=\"application\/ld+json\" class=\"yoast-schema-graph\">{\"@context\":\"https:\\\/\\\/schema.org\",\"@graph\":[{\"@type\":\"WebPage\",\"@id\":\"https:\\\/\\\/cgp.mg\\\/fr\\\/privacy-policy\\\/\",\"url\":\"https:\\\/\\\/cgp.mg\\\/fr\\\/privacy-policy\\\/\",\"name\":\"Privacy policy - CGP\",\"isPartOf\":{\"@id\":\"https:\\\/\\\/cgp.mg\\\/fr\\\/#website\"},\"datePublished\":\"2023-03-13T14:19:05+00:00\",\"dateModified\":\"2023-03-22T09:17:15+00:00\",\"breadcrumb\":{\"@id\":\"https:\\\/\\\/cgp.mg\\\/fr\\\/privacy-policy\\\/#breadcrumb\"},\"inLanguage\":\"fr-FR\",\"potentialAction\":[{\"@type\":\"ReadAction\",\"target\":[\"https:\\\/\\\/cgp.mg\\\/fr\\\/privacy-policy\\\/\"]}]},{\"@type\":\"BreadcrumbList\",\"@id\":\"https:\\\/\\\/cgp.mg\\\/fr\\\/privacy-policy\\\/#breadcrumb\",\"itemListElement\":[{\"@type\":\"ListItem\",\"position\":1,\"name\":\"Home\",\"item\":\"https:\\\/\\\/cgp.mg\\\/fr\\\/\"},{\"@type\":\"ListItem\",\"position\":2,\"name\":\"Privacy policy\"}]},{\"@type\":\"WebSite\",\"@id\":\"https:\\\/\\\/cgp.mg\\\/fr\\\/#website\",\"url\":\"https:\\\/\\\/cgp.mg\\\/fr\\\/\",\"name\":\"CGP\",\"description\":\"Management Committee of the Octopus Fishery\",\"publisher\":{\"@id\":\"https:\\\/\\\/cgp.mg\\\/fr\\\/#organization\"},\"potentialAction\":[{\"@type\":\"SearchAction\",\"target\":{\"@type\":\"EntryPoint\",\"urlTemplate\":\"https:\\\/\\\/cgp.mg\\\/fr\\\/?s={search_term_string}\"},\"query-input\":{\"@type\":\"PropertyValueSpecification\",\"valueRequired\":true,\"valueName\":\"search_term_string\"}}],\"inLanguage\":\"fr-FR\"},{\"@type\":\"Organization\",\"@id\":\"https:\\\/\\\/cgp.mg\\\/fr\\\/#organization\",\"name\":\"CGP\",\"url\":\"https:\\\/\\\/cgp.mg\\\/fr\\\/\",\"logo\":{\"@type\":\"ImageObject\",\"inLanguage\":\"fr-FR\",\"@id\":\"https:\\\/\\\/cgp.mg\\\/fr\\\/#\\\/schema\\\/logo\\\/image\\\/\",\"url\":\"https:\\\/\\\/cgp.mg\\\/wp-content\\\/uploads\\\/2020\\\/01\\\/cgp-logo-550x550-1.png\",\"contentUrl\":\"https:\\\/\\\/cgp.mg\\\/wp-content\\\/uploads\\\/2020\\\/01\\\/cgp-logo-550x550-1.png\",\"width\":550,\"height\":550,\"caption\":\"CGP\"},\"image\":{\"@id\":\"https:\\\/\\\/cgp.mg\\\/fr\\\/#\\\/schema\\\/logo\\\/image\\\/\"}}]}<\/script>\n<!-- \/ Yoast SEO plugin. -->","yoast_head_json":{"title":"Privacy policy - CGP","robots":{"index":"index","follow":"follow","max-snippet":"max-snippet:-1","max-image-preview":"max-image-preview:large","max-video-preview":"max-video-preview:-1"},"canonical":"https:\/\/cgp.mg\/fr\/privacy-policy\/","og_locale":"fr_FR","og_type":"article","og_title":"Privacy policy - CGP","og_description":"Politique de confidentialit\u00e9 Notre site web respecte votre vie priv\u00e9e et s&rsquo;engage \u00e0 prot\u00e9ger vos informations personnelles. Cette politique de confidentialit\u00e9 explique quelles donn\u00e9es personnelles nous collectons, comment nous les utilisons et les prot\u00e9geons, et quels sont vos droits concernant vos informations personnelles. Informations que nous recueillons Lorsque vous visitez notre site web, nous pouvons [&hellip;]","og_url":"https:\/\/cgp.mg\/fr\/privacy-policy\/","og_site_name":"CGP","article_modified_time":"2023-03-22T09:17:15+00:00","twitter_card":"summary_large_image","twitter_misc":{"Dur\u00e9e de lecture estim\u00e9e":"3 minutes"},"schema":{"@context":"https:\/\/schema.org","@graph":[{"@type":"WebPage","@id":"https:\/\/cgp.mg\/fr\/privacy-policy\/","url":"https:\/\/cgp.mg\/fr\/privacy-policy\/","name":"Privacy policy - CGP","isPartOf":{"@id":"https:\/\/cgp.mg\/fr\/#website"},"datePublished":"2023-03-13T14:19:05+00:00","dateModified":"2023-03-22T09:17:15+00:00","breadcrumb":{"@id":"https:\/\/cgp.mg\/fr\/privacy-policy\/#breadcrumb"},"inLanguage":"fr-FR","potentialAction":[{"@type":"ReadAction","target":["https:\/\/cgp.mg\/fr\/privacy-policy\/"]}]},{"@type":"BreadcrumbList","@id":"https:\/\/cgp.mg\/fr\/privacy-policy\/#breadcrumb","itemListElement":[{"@type":"ListItem","position":1,"name":"Home","item":"https:\/\/cgp.mg\/fr\/"},{"@type":"ListItem","position":2,"name":"Privacy policy"}]},{"@type":"WebSite","@id":"https:\/\/cgp.mg\/fr\/#website","url":"https:\/\/cgp.mg\/fr\/","name":"CGP","description":"Management Committee of the Octopus Fishery","publisher":{"@id":"https:\/\/cgp.mg\/fr\/#organization"},"potentialAction":[{"@type":"SearchAction","target":{"@type":"EntryPoint","urlTemplate":"https:\/\/cgp.mg\/fr\/?s={search_term_string}"},"query-input":{"@type":"PropertyValueSpecification","valueRequired":true,"valueName":"search_term_string"}}],"inLanguage":"fr-FR"},{"@type":"Organization","@id":"https:\/\/cgp.mg\/fr\/#organization","name":"CGP","url":"https:\/\/cgp.mg\/fr\/","logo":{"@type":"ImageObject","inLanguage":"fr-FR","@id":"https:\/\/cgp.mg\/fr\/#\/schema\/logo\/image\/","url":"https:\/\/cgp.mg\/wp-content\/uploads\/2020\/01\/cgp-logo-550x550-1.png","contentUrl":"https:\/\/cgp.mg\/wp-content\/uploads\/2020\/01\/cgp-logo-550x550-1.png","width":550,"height":550,"caption":"CGP"},"image":{"@id":"https:\/\/cgp.mg\/fr\/#\/schema\/logo\/image\/"}}]}},"_links":{"self":[{"href":"https:\/\/cgp.mg\/fr\/wp-json\/wp\/v2\/pages\/333","targetHints":{"allow":["GET"]}}],"collection":[{"href":"https:\/\/cgp.mg\/fr\/wp-json\/wp\/v2\/pages"}],"about":[{"href":"https:\/\/cgp.mg\/fr\/wp-json\/wp\/v2\/types\/page"}],"author":[{"embeddable":true,"href":"https:\/\/cgp.mg\/fr\/wp-json\/wp\/v2\/users\/3"}],"replies":[{"embeddable":true,"href":"https:\/\/cgp.mg\/fr\/wp-json\/wp\/v2\/comments?post=333"}],"version-history":[{"count":0,"href":"https:\/\/cgp.mg\/fr\/wp-json\/wp\/v2\/pages\/333\/revisions"}],"wp:attachment":[{"href":"https:\/\/cgp.mg\/fr\/wp-json\/wp\/v2\/media?parent=333"}],"curies":[{"name":"wp","href":"https:\/\/api.w.org\/{rel}","templated":true}]}}