{"id":21,"date":"2020-01-20T15:16:33","date_gmt":"2020-01-20T15:16:33","guid":{"rendered":"http:\/\/cgpoulpe.wpengine.com\/?page_id=21"},"modified":"2020-04-17T09:20:44","modified_gmt":"2020-04-17T08:20:44","slug":"documents-legaux","status":"publish","type":"page","link":"https:\/\/cgp.mg\/fr\/documents-legaux\/","title":{"rendered":"Documents legaux"},"content":{"rendered":"\t\t<div data-elementor-type=\"wp-page\" data-elementor-id=\"21\" class=\"elementor elementor-21\" data-elementor-post-type=\"page\">\n\t\t\t\t\t\t<section class=\"elementor-section elementor-top-section elementor-element elementor-element-7e3e41c elementor-section-boxed elementor-section-height-default elementor-section-height-default\" data-id=\"7e3e41c\" data-element_type=\"section\" data-e-type=\"section\" data-settings=\"{&quot;background_background&quot;:&quot;classic&quot;}\">\n\t\t\t\t\t\t\t<div class=\"elementor-background-overlay\"><\/div>\n\t\t\t\t\t\t\t<div class=\"elementor-container elementor-column-gap-default\">\n\t\t\t\t\t<div class=\"elementor-column elementor-col-100 elementor-top-column elementor-element elementor-element-a1842df\" data-id=\"a1842df\" data-element_type=\"column\" data-e-type=\"column\">\n\t\t\t<div class=\"elementor-widget-wrap elementor-element-populated\">\n\t\t\t\t\t\t<div class=\"elementor-element elementor-element-2bc455e elementor-widget elementor-widget-heading\" data-id=\"2bc455e\" data-element_type=\"widget\" data-e-type=\"widget\" data-widget_type=\"heading.default\">\n\t\t\t\t<div class=\"elementor-widget-container\">\n\t\t\t\t\t<h2 class=\"elementor-heading-title elementor-size-default\">Documents legaux<\/h2>\t\t\t\t<\/div>\n\t\t\t\t<\/div>\n\t\t\t\t<div class=\"elementor-element elementor-element-4917ff8 elementor-widget elementor-widget-text-editor\" data-id=\"4917ff8\" data-element_type=\"widget\" data-e-type=\"widget\" data-widget_type=\"text-editor.default\">\n\t\t\t\t<div class=\"elementor-widget-container\">\n\t\t\t\t\t\t\t\t\t<p style=\"text-align: center;\">T\u00e9l\u00e9chargements de documents juridiques<\/p>\t\t\t\t\t\t\t\t<\/div>\n\t\t\t\t<\/div>\n\t\t\t\t\t<\/div>\n\t\t<\/div>\n\t\t\t\t\t<\/div>\n\t\t<\/section>\n\t\t\t\t<section class=\"elementor-section elementor-top-section elementor-element elementor-element-67d2504 elementor-section-boxed elementor-section-height-default elementor-section-height-default\" data-id=\"67d2504\" data-element_type=\"section\" data-e-type=\"section\">\n\t\t\t\t\t\t<div class=\"elementor-container elementor-column-gap-default\">\n\t\t\t\t\t<div class=\"elementor-column elementor-col-100 elementor-top-column elementor-element elementor-element-428c05e\" data-id=\"428c05e\" data-element_type=\"column\" data-e-type=\"column\">\n\t\t\t<div class=\"elementor-widget-wrap elementor-element-populated\">\n\t\t\t\t\t\t<div class=\"elementor-element elementor-element-3933313 elementor-widget elementor-widget-toolset-view\" data-id=\"3933313\" data-element_type=\"widget\" data-e-type=\"widget\" data-widget_type=\"toolset-view.default\">\n\t\t\t\t<div class=\"elementor-widget-container\">\n\t\t\t\t\t\n\n\n<div id=\"wpv-view-layout-170-TCPID21\" class=\"js-wpv-view-layout js-wpv-layout-responsive js-wpv-view-layout-170-TCPID21\" data-viewnumber=\"170-TCPID21\" data-pagination=\"{&quot;id&quot;:170,&quot;query&quot;:&quot;normal&quot;,&quot;type&quot;:&quot;disabled&quot;,&quot;effect&quot;:&quot;fade&quot;,&quot;duration&quot;:500,&quot;speed&quot;:5,&quot;pause_on_hover&quot;:&quot;disabled&quot;,&quot;stop_rollover&quot;:&quot;false&quot;,&quot;cache_pages&quot;:&quot;enabled&quot;,&quot;preload_images&quot;:&quot;enabled&quot;,&quot;preload_pages&quot;:&quot;enabled&quot;,&quot;preload_reach&quot;:1,&quot;spinner&quot;:&quot;builtin&quot;,&quot;spinner_image&quot;:&quot;https:\/\/cgpoulpe.wpengine.com\/wp-content\/plugins\/wp-views\/embedded\/res\/img\/ajax-loader.gif&quot;,&quot;callback_next&quot;:&quot;&quot;,&quot;manage_history&quot;:&quot;enabled&quot;,&quot;has_controls_in_form&quot;:&quot;disabled&quot;,&quot;infinite_tolerance&quot;:&quot;0&quot;,&quot;max_pages&quot;:0,&quot;page&quot;:1,&quot;base_permalink&quot;:&quot;\/fr\/wp-json\/wp\/v2\/pages\/21?wpv_view_count=170-TCPID21&amp;wpv_paged=WPV_PAGE_NUM&quot;,&quot;loop&quot;:{&quot;type&quot;:&quot;&quot;,&quot;name&quot;:&quot;&quot;,&quot;data&quot;:[],&quot;id&quot;:0}}\" data-permalink=\"\/fr\/wp-json\/wp\/v2\/pages\/21?wpv_view_count=170-TCPID21\">\n\n\t\n\t\n\t\n\t\t\n\t\t<div class=\"row \">\n\t\t\t<div class=\"col-md-3\"><div class=\"doc-block\">\n<a href=\"https:\/\/cgp.mg\/wp-content\/uploads\/2020\/01\/Mad162704.pdf\" target=\"_blank\" rel=\"noopener noreferrer\"><img decoding=\"async\" src=\"https:\/\/cgp.mg\/wp-content\/uploads\/2020\/01\/Mad162704.png\" title=\"Mad162704\" class=\"attachment-full\" \/><\/a>\n  <h4><a href=\"https:\/\/cgp.mg\/wp-content\/uploads\/2020\/01\/Mad162704.pdf\" target=\"_blank\" rel=\"noopener noreferrer\">Assemblee Nationale<\/a><\/h4>\n  <div class=\"btn-hldr\">\n<div class=\"dl-button\"><a href=\"https:\/\/cgp.mg\/wp-content\/uploads\/2020\/01\/Mad162704.pdf\" target=\"_blank\" rel=\"noopener noreferrer\">T\u00e9l\u00e9charger<\/a><\/div>\n  <\/div>\n<\/div><\/div>\n\t\t\n\t\t\n\t\t\t<div class=\"col-md-3\"><div class=\"doc-block\">\n<a href=\"https:\/\/cgp.mg\/wp-content\/uploads\/2020\/01\/Arrete-fermeture-natonal-poulpe.pdf\" target=\"_blank\" rel=\"noopener noreferrer\"><img decoding=\"async\" src=\"https:\/\/cgp.mg\/wp-content\/uploads\/2020\/01\/arrete-fermeture-natonal-poulpe.png\" title=\"arrete-fermeture-natonal-poulpe\" class=\"attachment-full\" \/><\/a>\n  <h4><a href=\"https:\/\/cgp.mg\/wp-content\/uploads\/2020\/01\/Arrete-fermeture-natonal-poulpe.pdf\" target=\"_blank\" rel=\"noopener noreferrer\">R\u00e9glementation de la p\u00eache aux poulpes<\/a><\/h4>\n  <div class=\"btn-hldr\">\n<div class=\"dl-button\"><a href=\"https:\/\/cgp.mg\/wp-content\/uploads\/2020\/01\/Arrete-fermeture-natonal-poulpe.pdf\" target=\"_blank\" rel=\"noopener noreferrer\">T\u00e9l\u00e9charger<\/a><\/div>\n  <\/div>\n<\/div><\/div>\n\t\t\n\t\t\n\t\t\t<div class=\"col-md-3\"><div class=\"doc-block\">\n<a href=\"https:\/\/cgp.mg\/wp-content\/uploads\/2020\/03\/ListeDeCollecteurs.pdf\" target=\"_blank\" rel=\"noopener noreferrer\"><img decoding=\"async\" src=\"https:\/\/cgp.mg\/wp-content\/uploads\/2020\/03\/Liste-de-Collecteurs-2020.png\" title=\"Liste de Collecteurs 2020\" class=\"attachment-full\" \/><\/a>\n  <h4><a href=\"https:\/\/cgp.mg\/wp-content\/uploads\/2020\/03\/ListeDeCollecteurs.pdf\" target=\"_blank\" rel=\"noopener noreferrer\">Liste des collecteurs Atsimo Andrefana 2020<\/a><\/h4>\n  <div class=\"btn-hldr\">\n<div class=\"dl-button\"><a href=\"https:\/\/cgp.mg\/wp-content\/uploads\/2020\/03\/ListeDeCollecteurs.pdf\" target=\"_blank\" rel=\"noopener noreferrer\">T\u00e9l\u00e9charger<\/a><\/div>\n  <\/div>\n<\/div><\/div>\n\t\t\n\t\t\t<div class=\"col-md-3\"><\/div>\n\t\t<\/div>\n\t\n\t\n\t\n\t\n<\/div>\n\t\t\t\t<\/div>\n\t\t\t\t<\/div>\n\t\t\t\t\t<\/div>\n\t\t<\/div>\n\t\t\t\t\t<\/div>\n\t\t<\/section>\n\t\t\t\t<\/div>\n\t\t","protected":false},"excerpt":{"rendered":"<p>Documents legaux T\u00e9l\u00e9chargements de documents juridiques Liste des collecteurs Atsimo Andrefana 2020 T\u00e9l\u00e9charger R\u00e9glementation de la p\u00eache aux poulpes T\u00e9l\u00e9charger Assemblee Nationale T\u00e9l\u00e9charger This is the preview of the \u00ab\u00a0Documents legaux\u00a0\u00bb View.<\/p>\n","protected":false},"author":3,"featured_media":0,"parent":0,"menu_order":0,"comment_status":"closed","ping_status":"closed","template":"elementor_header_footer","meta":{"footnotes":""},"class_list":["post-21","page","type-page","status-publish","hentry"],"yoast_head":"<!-- This site is optimized with the Yoast SEO plugin v27.3 - https:\/\/yoast.com\/product\/yoast-seo-wordpress\/ -->\n<title>Documents legaux - CGP<\/title>\n<meta name=\"robots\" content=\"index, follow, max-snippet:-1, max-image-preview:large, max-video-preview:-1\" \/>\n<link rel=\"canonical\" href=\"https:\/\/cgp.mg\/fr\/documents-legaux\/\" \/>\n<meta property=\"og:locale\" content=\"fr_FR\" \/>\n<meta property=\"og:type\" content=\"article\" \/>\n<meta property=\"og:title\" content=\"Documents legaux - CGP\" \/>\n<meta property=\"og:description\" content=\"Documents legaux T\u00e9l\u00e9chargements de documents juridiques Liste des collecteurs Atsimo Andrefana 2020 T\u00e9l\u00e9charger R\u00e9glementation de la p\u00eache aux poulpes T\u00e9l\u00e9charger Assemblee Nationale T\u00e9l\u00e9charger This is the preview of the \u00ab\u00a0Documents legaux\u00a0\u00bb View.\" \/>\n<meta property=\"og:url\" content=\"https:\/\/cgp.mg\/fr\/documents-legaux\/\" \/>\n<meta property=\"og:site_name\" content=\"CGP\" \/>\n<meta property=\"article:modified_time\" content=\"2020-04-17T08:20:44+00:00\" \/>\n<meta property=\"og:image\" content=\"http:\/\/cgpoulpe.wpengine.com\/wp-content\/uploads\/2020\/03\/Liste-de-Collecteurs-2020.png\" \/>\n<meta name=\"twitter:card\" content=\"summary_large_image\" \/>\n<script type=\"application\/ld+json\" class=\"yoast-schema-graph\">{\"@context\":\"https:\\\/\\\/schema.org\",\"@graph\":[{\"@type\":\"WebPage\",\"@id\":\"https:\\\/\\\/cgp.mg\\\/fr\\\/documents-legaux\\\/\",\"url\":\"https:\\\/\\\/cgp.mg\\\/fr\\\/documents-legaux\\\/\",\"name\":\"Documents legaux - CGP\",\"isPartOf\":{\"@id\":\"https:\\\/\\\/cgp.mg\\\/fr\\\/#website\"},\"primaryImageOfPage\":{\"@id\":\"https:\\\/\\\/cgp.mg\\\/fr\\\/documents-legaux\\\/#primaryimage\"},\"image\":{\"@id\":\"https:\\\/\\\/cgp.mg\\\/fr\\\/documents-legaux\\\/#primaryimage\"},\"thumbnailUrl\":\"http:\\\/\\\/cgpoulpe.wpengine.com\\\/wp-content\\\/uploads\\\/2020\\\/03\\\/Liste-de-Collecteurs-2020.png\",\"datePublished\":\"2020-01-20T15:16:33+00:00\",\"dateModified\":\"2020-04-17T08:20:44+00:00\",\"breadcrumb\":{\"@id\":\"https:\\\/\\\/cgp.mg\\\/fr\\\/documents-legaux\\\/#breadcrumb\"},\"inLanguage\":\"fr-FR\",\"potentialAction\":[{\"@type\":\"ReadAction\",\"target\":[\"https:\\\/\\\/cgp.mg\\\/fr\\\/documents-legaux\\\/\"]}]},{\"@type\":\"ImageObject\",\"inLanguage\":\"fr-FR\",\"@id\":\"https:\\\/\\\/cgp.mg\\\/fr\\\/documents-legaux\\\/#primaryimage\",\"url\":\"http:\\\/\\\/cgpoulpe.wpengine.com\\\/wp-content\\\/uploads\\\/2020\\\/03\\\/Liste-de-Collecteurs-2020.png\",\"contentUrl\":\"http:\\\/\\\/cgpoulpe.wpengine.com\\\/wp-content\\\/uploads\\\/2020\\\/03\\\/Liste-de-Collecteurs-2020.png\"},{\"@type\":\"BreadcrumbList\",\"@id\":\"https:\\\/\\\/cgp.mg\\\/fr\\\/documents-legaux\\\/#breadcrumb\",\"itemListElement\":[{\"@type\":\"ListItem\",\"position\":1,\"name\":\"Home\",\"item\":\"https:\\\/\\\/cgp.mg\\\/fr\\\/\"},{\"@type\":\"ListItem\",\"position\":2,\"name\":\"Documents legaux\"}]},{\"@type\":\"WebSite\",\"@id\":\"https:\\\/\\\/cgp.mg\\\/fr\\\/#website\",\"url\":\"https:\\\/\\\/cgp.mg\\\/fr\\\/\",\"name\":\"CGP\",\"description\":\"Management Committee of the Octopus Fishery\",\"publisher\":{\"@id\":\"https:\\\/\\\/cgp.mg\\\/fr\\\/#organization\"},\"potentialAction\":[{\"@type\":\"SearchAction\",\"target\":{\"@type\":\"EntryPoint\",\"urlTemplate\":\"https:\\\/\\\/cgp.mg\\\/fr\\\/?s={search_term_string}\"},\"query-input\":{\"@type\":\"PropertyValueSpecification\",\"valueRequired\":true,\"valueName\":\"search_term_string\"}}],\"inLanguage\":\"fr-FR\"},{\"@type\":\"Organization\",\"@id\":\"https:\\\/\\\/cgp.mg\\\/fr\\\/#organization\",\"name\":\"CGP\",\"url\":\"https:\\\/\\\/cgp.mg\\\/fr\\\/\",\"logo\":{\"@type\":\"ImageObject\",\"inLanguage\":\"fr-FR\",\"@id\":\"https:\\\/\\\/cgp.mg\\\/fr\\\/#\\\/schema\\\/logo\\\/image\\\/\",\"url\":\"https:\\\/\\\/cgp.mg\\\/wp-content\\\/uploads\\\/2020\\\/01\\\/cgp-logo-550x550-1.png\",\"contentUrl\":\"https:\\\/\\\/cgp.mg\\\/wp-content\\\/uploads\\\/2020\\\/01\\\/cgp-logo-550x550-1.png\",\"width\":550,\"height\":550,\"caption\":\"CGP\"},\"image\":{\"@id\":\"https:\\\/\\\/cgp.mg\\\/fr\\\/#\\\/schema\\\/logo\\\/image\\\/\"}}]}<\/script>\n<!-- \/ Yoast SEO plugin. -->","yoast_head_json":{"title":"Documents legaux - CGP","robots":{"index":"index","follow":"follow","max-snippet":"max-snippet:-1","max-image-preview":"max-image-preview:large","max-video-preview":"max-video-preview:-1"},"canonical":"https:\/\/cgp.mg\/fr\/documents-legaux\/","og_locale":"fr_FR","og_type":"article","og_title":"Documents legaux - CGP","og_description":"Documents legaux T\u00e9l\u00e9chargements de documents juridiques Liste des collecteurs Atsimo Andrefana 2020 T\u00e9l\u00e9charger R\u00e9glementation de la p\u00eache aux poulpes T\u00e9l\u00e9charger Assemblee Nationale T\u00e9l\u00e9charger This is the preview of the \u00ab\u00a0Documents legaux\u00a0\u00bb View.","og_url":"https:\/\/cgp.mg\/fr\/documents-legaux\/","og_site_name":"CGP","article_modified_time":"2020-04-17T08:20:44+00:00","og_image":[{"url":"http:\/\/cgpoulpe.wpengine.com\/wp-content\/uploads\/2020\/03\/Liste-de-Collecteurs-2020.png","type":"","width":"","height":""}],"twitter_card":"summary_large_image","schema":{"@context":"https:\/\/schema.org","@graph":[{"@type":"WebPage","@id":"https:\/\/cgp.mg\/fr\/documents-legaux\/","url":"https:\/\/cgp.mg\/fr\/documents-legaux\/","name":"Documents legaux - CGP","isPartOf":{"@id":"https:\/\/cgp.mg\/fr\/#website"},"primaryImageOfPage":{"@id":"https:\/\/cgp.mg\/fr\/documents-legaux\/#primaryimage"},"image":{"@id":"https:\/\/cgp.mg\/fr\/documents-legaux\/#primaryimage"},"thumbnailUrl":"http:\/\/cgpoulpe.wpengine.com\/wp-content\/uploads\/2020\/03\/Liste-de-Collecteurs-2020.png","datePublished":"2020-01-20T15:16:33+00:00","dateModified":"2020-04-17T08:20:44+00:00","breadcrumb":{"@id":"https:\/\/cgp.mg\/fr\/documents-legaux\/#breadcrumb"},"inLanguage":"fr-FR","potentialAction":[{"@type":"ReadAction","target":["https:\/\/cgp.mg\/fr\/documents-legaux\/"]}]},{"@type":"ImageObject","inLanguage":"fr-FR","@id":"https:\/\/cgp.mg\/fr\/documents-legaux\/#primaryimage","url":"http:\/\/cgpoulpe.wpengine.com\/wp-content\/uploads\/2020\/03\/Liste-de-Collecteurs-2020.png","contentUrl":"http:\/\/cgpoulpe.wpengine.com\/wp-content\/uploads\/2020\/03\/Liste-de-Collecteurs-2020.png"},{"@type":"BreadcrumbList","@id":"https:\/\/cgp.mg\/fr\/documents-legaux\/#breadcrumb","itemListElement":[{"@type":"ListItem","position":1,"name":"Home","item":"https:\/\/cgp.mg\/fr\/"},{"@type":"ListItem","position":2,"name":"Documents legaux"}]},{"@type":"WebSite","@id":"https:\/\/cgp.mg\/fr\/#website","url":"https:\/\/cgp.mg\/fr\/","name":"CGP","description":"Management Committee of the Octopus Fishery","publisher":{"@id":"https:\/\/cgp.mg\/fr\/#organization"},"potentialAction":[{"@type":"SearchAction","target":{"@type":"EntryPoint","urlTemplate":"https:\/\/cgp.mg\/fr\/?s={search_term_string}"},"query-input":{"@type":"PropertyValueSpecification","valueRequired":true,"valueName":"search_term_string"}}],"inLanguage":"fr-FR"},{"@type":"Organization","@id":"https:\/\/cgp.mg\/fr\/#organization","name":"CGP","url":"https:\/\/cgp.mg\/fr\/","logo":{"@type":"ImageObject","inLanguage":"fr-FR","@id":"https:\/\/cgp.mg\/fr\/#\/schema\/logo\/image\/","url":"https:\/\/cgp.mg\/wp-content\/uploads\/2020\/01\/cgp-logo-550x550-1.png","contentUrl":"https:\/\/cgp.mg\/wp-content\/uploads\/2020\/01\/cgp-logo-550x550-1.png","width":550,"height":550,"caption":"CGP"},"image":{"@id":"https:\/\/cgp.mg\/fr\/#\/schema\/logo\/image\/"}}]}},"_links":{"self":[{"href":"https:\/\/cgp.mg\/fr\/wp-json\/wp\/v2\/pages\/21","targetHints":{"allow":["GET"]}}],"collection":[{"href":"https:\/\/cgp.mg\/fr\/wp-json\/wp\/v2\/pages"}],"about":[{"href":"https:\/\/cgp.mg\/fr\/wp-json\/wp\/v2\/types\/page"}],"author":[{"embeddable":true,"href":"https:\/\/cgp.mg\/fr\/wp-json\/wp\/v2\/users\/3"}],"replies":[{"embeddable":true,"href":"https:\/\/cgp.mg\/fr\/wp-json\/wp\/v2\/comments?post=21"}],"version-history":[{"count":0,"href":"https:\/\/cgp.mg\/fr\/wp-json\/wp\/v2\/pages\/21\/revisions"}],"wp:attachment":[{"href":"https:\/\/cgp.mg\/fr\/wp-json\/wp\/v2\/media?parent=21"}],"curies":[{"name":"wp","href":"https:\/\/api.w.org\/{rel}","templated":true}]}}