{"id":20,"date":"2020-01-20T15:15:46","date_gmt":"2020-01-20T15:15:46","guid":{"rendered":"http:\/\/cgpoulpe.wpengine.com\/?page_id=20"},"modified":"2021-11-03T13:33:22","modified_gmt":"2021-11-03T13:33:22","slug":"les-publications","status":"publish","type":"page","link":"https:\/\/cgp.mg\/fr\/les-publications\/","title":{"rendered":"Les publications"},"content":{"rendered":"\t\t<div data-elementor-type=\"wp-page\" data-elementor-id=\"20\" class=\"elementor elementor-20\" data-elementor-post-type=\"page\">\n\t\t\t\t\t\t<section class=\"elementor-section elementor-top-section elementor-element elementor-element-aec776a elementor-section-boxed elementor-section-height-default elementor-section-height-default\" data-id=\"aec776a\" data-element_type=\"section\" data-e-type=\"section\" data-settings=\"{&quot;background_background&quot;:&quot;classic&quot;}\">\n\t\t\t\t\t\t\t<div class=\"elementor-background-overlay\"><\/div>\n\t\t\t\t\t\t\t<div class=\"elementor-container elementor-column-gap-default\">\n\t\t\t\t\t<div class=\"elementor-column elementor-col-100 elementor-top-column elementor-element elementor-element-27d60d7\" data-id=\"27d60d7\" data-element_type=\"column\" data-e-type=\"column\">\n\t\t\t<div class=\"elementor-widget-wrap elementor-element-populated\">\n\t\t\t\t\t\t<div class=\"elementor-element elementor-element-de56bea elementor-widget elementor-widget-heading\" data-id=\"de56bea\" data-element_type=\"widget\" data-e-type=\"widget\" data-widget_type=\"heading.default\">\n\t\t\t\t<div class=\"elementor-widget-container\">\n\t\t\t\t\t<h2 class=\"elementor-heading-title elementor-size-default\">Les publications<\/h2>\t\t\t\t<\/div>\n\t\t\t\t<\/div>\n\t\t\t\t<div class=\"elementor-element elementor-element-d5ba445 elementor-widget elementor-widget-text-editor\" data-id=\"d5ba445\" data-element_type=\"widget\" data-e-type=\"widget\" data-widget_type=\"text-editor.default\">\n\t\t\t\t<div class=\"elementor-widget-container\">\n\t\t\t\t\t\t\t\t\t<p style=\"text-align: center;\">T\u00e9l\u00e9chargements de publications<\/p>\t\t\t\t\t\t\t\t<\/div>\n\t\t\t\t<\/div>\n\t\t\t\t\t<\/div>\n\t\t<\/div>\n\t\t\t\t\t<\/div>\n\t\t<\/section>\n\t\t\t\t<section class=\"elementor-section elementor-top-section elementor-element elementor-element-e698da1 elementor-section-boxed elementor-section-height-default elementor-section-height-default\" data-id=\"e698da1\" data-element_type=\"section\" data-e-type=\"section\">\n\t\t\t\t\t\t<div class=\"elementor-container elementor-column-gap-default\">\n\t\t\t\t\t<div class=\"elementor-column elementor-col-100 elementor-top-column elementor-element elementor-element-d9d91e6\" data-id=\"d9d91e6\" data-element_type=\"column\" data-e-type=\"column\">\n\t\t\t<div class=\"elementor-widget-wrap elementor-element-populated\">\n\t\t\t\t\t\t<div class=\"elementor-element elementor-element-e3604e8 elementor-widget elementor-widget-toolset-view\" data-id=\"e3604e8\" data-element_type=\"widget\" data-e-type=\"widget\" data-widget_type=\"toolset-view.default\">\n\t\t\t\t<div class=\"elementor-widget-container\">\n\t\t\t\t\t\n\n\n<div id=\"wpv-view-layout-172-TCPID20\" class=\"js-wpv-view-layout js-wpv-layout-responsive js-wpv-view-layout-172-TCPID20\" data-viewnumber=\"172-TCPID20\" data-pagination=\"{&quot;id&quot;:172,&quot;query&quot;:&quot;normal&quot;,&quot;type&quot;:&quot;disabled&quot;,&quot;effect&quot;:&quot;fade&quot;,&quot;duration&quot;:500,&quot;speed&quot;:5,&quot;pause_on_hover&quot;:&quot;disabled&quot;,&quot;stop_rollover&quot;:&quot;false&quot;,&quot;cache_pages&quot;:&quot;enabled&quot;,&quot;preload_images&quot;:&quot;enabled&quot;,&quot;preload_pages&quot;:&quot;enabled&quot;,&quot;preload_reach&quot;:1,&quot;spinner&quot;:&quot;builtin&quot;,&quot;spinner_image&quot;:&quot;https:\/\/cgpoulpe.wpengine.com\/wp-content\/plugins\/wp-views\/embedded\/res\/img\/ajax-loader.gif&quot;,&quot;callback_next&quot;:&quot;&quot;,&quot;manage_history&quot;:&quot;enabled&quot;,&quot;has_controls_in_form&quot;:&quot;disabled&quot;,&quot;infinite_tolerance&quot;:&quot;0&quot;,&quot;max_pages&quot;:0,&quot;page&quot;:1,&quot;base_permalink&quot;:&quot;\/fr\/wp-json\/wp\/v2\/pages\/20?wpv_view_count=172-TCPID20&amp;wpv_paged=WPV_PAGE_NUM&quot;,&quot;loop&quot;:{&quot;type&quot;:&quot;&quot;,&quot;name&quot;:&quot;&quot;,&quot;data&quot;:[],&quot;id&quot;:0}}\" data-permalink=\"\/fr\/wp-json\/wp\/v2\/pages\/20?wpv_view_count=172-TCPID20\">\n\n\t\n\t\n\t\n\t\t\n\t\t<div class=\"row \">\n\t\t\t<div class=\"col-md-3\"><div class=\"doc-block\">\n<a href=\"https:\/\/cgp.mg\/wp-content\/uploads\/2020\/01\/1.-Alliance-FIP-Guidelines-3.7.15.pdf\" target=\"_blank\" rel=\"noopener noreferrer\"><img decoding=\"async\" src=\"https:\/\/cgp.mg\/wp-content\/uploads\/2020\/01\/Alliance-FIP-Guidelines.jpg\" alt=\"Alliance-FIP-Guidelines\" title=\"Alliance-FIP-Guidelines\" class=\"attachment-full\" \/><\/a>\n  <h4><a href=\"https:\/\/cgp.mg\/wp-content\/uploads\/2020\/01\/1.-Alliance-FIP-Guidelines-3.7.15.pdf\" target=\"_blank\" rel=\"noopener noreferrer\">Alliance FIP Guidelines<\/a><\/h4>\n  <div class=\"btn-hldr\">\n<div class=\"dl-button\"><a href=\"https:\/\/cgp.mg\/wp-content\/uploads\/2020\/01\/1.-Alliance-FIP-Guidelines-3.7.15.pdf\" target=\"_blank\" rel=\"noopener noreferrer\">T\u00e9l\u00e9charger<\/a><\/div>\n  <\/div>\n<\/div><\/div>\n\t\t\n\t\t\n\t\t\t<div class=\"col-md-3\"><div class=\"doc-block\">\n<a href=\"https:\/\/cgp.mg\/wp-content\/uploads\/2020\/01\/Plos-One-olivier-et-al.pdf\" target=\"_blank\" rel=\"noopener noreferrer\"><img decoding=\"async\" src=\"https:\/\/cgp.mg\/wp-content\/uploads\/2020\/01\/plos-one-olivier-et-al.png\" title=\"plos-one-olivier-et-al\" class=\"attachment-full\" \/><\/a>\n  <h4><a href=\"https:\/\/cgp.mg\/wp-content\/uploads\/2020\/01\/Plos-One-olivier-et-al.pdf\" target=\"_blank\" rel=\"noopener noreferrer\">Positive Catch &#038; Economic Benefits of Periodic Octopus Fishery Closures<\/a><\/h4>\n  <div class=\"btn-hldr\">\n<div class=\"dl-button\"><a href=\"https:\/\/cgp.mg\/wp-content\/uploads\/2020\/01\/Plos-One-olivier-et-al.pdf\" target=\"_blank\" rel=\"noopener noreferrer\">T\u00e9l\u00e9charger<\/a><\/div>\n  <\/div>\n<\/div><\/div>\n\t\t\n\t\t\n\t\t\t<div class=\"col-md-3\"><div class=\"doc-block\">\n<a href=\"https:\/\/cgp.mg\/wp-content\/uploads\/2020\/01\/Raberinary-Benbow-2012-reproductive-cycle-of-Octopus-cyanea-in-southwest-Madagascar.pdf\" target=\"_blank\" rel=\"noopener noreferrer\"><img decoding=\"async\" src=\"https:\/\/cgp.mg\/wp-content\/uploads\/2020\/01\/raberinsary-benbow.png\" title=\"raberinsary-benbow\" class=\"attachment-full\" \/><\/a>\n  <h4><a href=\"https:\/\/cgp.mg\/wp-content\/uploads\/2020\/01\/Raberinary-Benbow-2012-reproductive-cycle-of-Octopus-cyanea-in-southwest-Madagascar.pdf\" target=\"_blank\" rel=\"noopener noreferrer\">Raberinary &#038; Benbow 2012 reproductive cycle of Octopus cyanea in southwest Madagascar<\/a><\/h4>\n  <div class=\"btn-hldr\">\n<div class=\"dl-button\"><a href=\"https:\/\/cgp.mg\/wp-content\/uploads\/2020\/01\/Raberinary-Benbow-2012-reproductive-cycle-of-Octopus-cyanea-in-southwest-Madagascar.pdf\" target=\"_blank\" rel=\"noopener noreferrer\">T\u00e9l\u00e9charger<\/a><\/div>\n  <\/div>\n<\/div><\/div>\n\t\t\n\t\t\n\t\t\t<div class=\"col-md-3\"><div class=\"doc-block\">\n<a href=\"https:\/\/cgp.mg\/wp-content\/uploads\/2020\/01\/msc-benchmarking-and-tracking-tool-brochure.pdf\" target=\"_blank\" rel=\"noopener noreferrer\"><img decoding=\"async\" src=\"https:\/\/cgp.mg\/wp-content\/uploads\/2020\/01\/msc-benchmarking.png\" title=\"msc-benchmarking\" class=\"attachment-full\" \/><\/a>\n  <h4><a href=\"https:\/\/cgp.mg\/wp-content\/uploads\/2020\/01\/msc-benchmarking-and-tracking-tool-brochure.pdf\" target=\"_blank\" rel=\"noopener noreferrer\">MSC benchmarking and tracking tool<\/a><\/h4>\n  <div class=\"btn-hldr\">\n<div class=\"dl-button\"><a href=\"https:\/\/cgp.mg\/wp-content\/uploads\/2020\/01\/msc-benchmarking-and-tracking-tool-brochure.pdf\" target=\"_blank\" rel=\"noopener noreferrer\">T\u00e9l\u00e9charger<\/a><\/div>\n  <\/div>\n<\/div><\/div>\n\t\t<\/div>\n\t\t\n\t\t\n\t\t<div class=\"row \">\n\t\t\t<div class=\"col-md-3\"><div class=\"doc-block\">\n<a href=\"https:\/\/cgp.mg\/wp-content\/uploads\/2020\/01\/msc-definition-of-a-credible-fip.pdf\" target=\"_blank\" rel=\"noopener noreferrer\"><img decoding=\"async\" src=\"https:\/\/cgp.mg\/wp-content\/uploads\/2020\/01\/msc-definition.png\" title=\"msc-definition\" class=\"attachment-full\" \/><\/a>\n  <h4><a href=\"https:\/\/cgp.mg\/wp-content\/uploads\/2020\/01\/msc-definition-of-a-credible-fip.pdf\" target=\"_blank\" rel=\"noopener noreferrer\">MSC definition of a credible FIP<\/a><\/h4>\n  <div class=\"btn-hldr\">\n<div class=\"dl-button\"><a href=\"https:\/\/cgp.mg\/wp-content\/uploads\/2020\/01\/msc-definition-of-a-credible-fip.pdf\" target=\"_blank\" rel=\"noopener noreferrer\">T\u00e9l\u00e9charger<\/a><\/div>\n  <\/div>\n<\/div><\/div>\n\t\t\n\t\t\n\t\t\t<div class=\"col-md-3\"><div class=\"doc-block\">\n<a href=\"https:\/\/cgp.mg\/wp-content\/uploads\/2020\/01\/Memoire-deutz-version-III-1.pdf\" target=\"_blank\" rel=\"noopener noreferrer\"><img decoding=\"async\" src=\"https:\/\/cgp.mg\/wp-content\/uploads\/2020\/01\/Memoire-deutz-version-III.jpg\" title=\"Memoire-deutz-version-III\" class=\"attachment-full\" \/><\/a>\n  <h4><a href=\"https:\/\/cgp.mg\/wp-content\/uploads\/2020\/01\/Memoire-deutz-version-III-1.pdf\" target=\"_blank\" rel=\"noopener noreferrer\">\u00c9tude des techniques et des prises accessoires de la p\u00eache aux poulpes<\/a><\/h4>\n  <div class=\"btn-hldr\">\n<div class=\"dl-button\"><a href=\"https:\/\/cgp.mg\/wp-content\/uploads\/2020\/01\/Memoire-deutz-version-III-1.pdf\" target=\"_blank\" rel=\"noopener noreferrer\">T\u00e9l\u00e9charger<\/a><\/div>\n  <\/div>\n<\/div><\/div>\n\t\t\n\t\t\t<div class=\"col-md-3\"><\/div>\n\t\t\n\t\t\t<div class=\"col-md-3\"><\/div>\n\t\t<\/div>\n\t\n\t\n\t\n\t\n<\/div>\n\t\t\t\t<\/div>\n\t\t\t\t<\/div>\n\t\t\t\t\t<\/div>\n\t\t<\/div>\n\t\t\t\t\t<\/div>\n\t\t<\/section>\n\t\t\t\t<\/div>\n\t\t","protected":false},"excerpt":{"rendered":"<p>Les publications T\u00e9l\u00e9chargements de publications \u00c9tude des techniques et des prises accessoires de la p\u00eache aux poulpes T\u00e9l\u00e9charger MSC definition of a credible FIP T\u00e9l\u00e9charger MSC benchmarking and tracking tool T\u00e9l\u00e9charger Raberinary &#038; Benbow 2012 reproductive cycle of Octopus cyanea in southwest Madagascar T\u00e9l\u00e9charger Positive Catch &#038; Economic Benefits of Periodic Octopus Fishery Closures T\u00e9l\u00e9charger [&hellip;]<\/p>\n","protected":false},"author":3,"featured_media":0,"parent":0,"menu_order":0,"comment_status":"closed","ping_status":"closed","template":"elementor_header_footer","meta":{"footnotes":""},"class_list":["post-20","page","type-page","status-publish","hentry"],"yoast_head":"<!-- This site is optimized with the Yoast SEO plugin v27.5 - https:\/\/yoast.com\/product\/yoast-seo-wordpress\/ -->\n<title>Les publications - CGP<\/title>\n<meta name=\"robots\" content=\"index, follow, max-snippet:-1, max-image-preview:large, max-video-preview:-1\" \/>\n<link rel=\"canonical\" href=\"https:\/\/cgp.mg\/fr\/les-publications\/\" \/>\n<meta property=\"og:locale\" content=\"fr_FR\" \/>\n<meta property=\"og:type\" content=\"article\" \/>\n<meta property=\"og:title\" content=\"Les publications - CGP\" \/>\n<meta property=\"og:description\" content=\"Les publications T\u00e9l\u00e9chargements de publications \u00c9tude des techniques et des prises accessoires de la p\u00eache aux poulpes T\u00e9l\u00e9charger MSC definition of a credible FIP T\u00e9l\u00e9charger MSC benchmarking and tracking tool T\u00e9l\u00e9charger Raberinary &#038; Benbow 2012 reproductive cycle of Octopus cyanea in southwest Madagascar T\u00e9l\u00e9charger Positive Catch &#038; Economic Benefits of Periodic Octopus Fishery Closures T\u00e9l\u00e9charger [&hellip;]\" \/>\n<meta property=\"og:url\" content=\"https:\/\/cgp.mg\/fr\/les-publications\/\" \/>\n<meta property=\"og:site_name\" content=\"CGP\" \/>\n<meta property=\"article:modified_time\" content=\"2021-11-03T13:33:22+00:00\" \/>\n<meta property=\"og:image\" content=\"https:\/\/cgp.mg\/wp-content\/uploads\/2020\/01\/Memoire-deutz-version-III.jpg\" \/>\n<meta name=\"twitter:card\" content=\"summary_large_image\" \/>\n<meta name=\"twitter:label1\" content=\"Dur\u00e9e de lecture estim\u00e9e\" \/>\n\t<meta name=\"twitter:data1\" content=\"2 minutes\" \/>\n<script type=\"application\/ld+json\" class=\"yoast-schema-graph\">{\"@context\":\"https:\\\/\\\/schema.org\",\"@graph\":[{\"@type\":\"WebPage\",\"@id\":\"https:\\\/\\\/cgp.mg\\\/fr\\\/les-publications\\\/\",\"url\":\"https:\\\/\\\/cgp.mg\\\/fr\\\/les-publications\\\/\",\"name\":\"Les publications - CGP\",\"isPartOf\":{\"@id\":\"https:\\\/\\\/cgp.mg\\\/fr\\\/#website\"},\"primaryImageOfPage\":{\"@id\":\"https:\\\/\\\/cgp.mg\\\/fr\\\/les-publications\\\/#primaryimage\"},\"image\":{\"@id\":\"https:\\\/\\\/cgp.mg\\\/fr\\\/les-publications\\\/#primaryimage\"},\"thumbnailUrl\":\"https:\\\/\\\/cgp.mg\\\/wp-content\\\/uploads\\\/2020\\\/01\\\/Memoire-deutz-version-III.jpg\",\"datePublished\":\"2020-01-20T15:15:46+00:00\",\"dateModified\":\"2021-11-03T13:33:22+00:00\",\"breadcrumb\":{\"@id\":\"https:\\\/\\\/cgp.mg\\\/fr\\\/les-publications\\\/#breadcrumb\"},\"inLanguage\":\"fr-FR\",\"potentialAction\":[{\"@type\":\"ReadAction\",\"target\":[\"https:\\\/\\\/cgp.mg\\\/fr\\\/les-publications\\\/\"]}]},{\"@type\":\"ImageObject\",\"inLanguage\":\"fr-FR\",\"@id\":\"https:\\\/\\\/cgp.mg\\\/fr\\\/les-publications\\\/#primaryimage\",\"url\":\"https:\\\/\\\/cgp.mg\\\/wp-content\\\/uploads\\\/2020\\\/01\\\/Memoire-deutz-version-III.jpg\",\"contentUrl\":\"https:\\\/\\\/cgp.mg\\\/wp-content\\\/uploads\\\/2020\\\/01\\\/Memoire-deutz-version-III.jpg\"},{\"@type\":\"BreadcrumbList\",\"@id\":\"https:\\\/\\\/cgp.mg\\\/fr\\\/les-publications\\\/#breadcrumb\",\"itemListElement\":[{\"@type\":\"ListItem\",\"position\":1,\"name\":\"Home\",\"item\":\"https:\\\/\\\/cgp.mg\\\/fr\\\/\"},{\"@type\":\"ListItem\",\"position\":2,\"name\":\"Les publications\"}]},{\"@type\":\"WebSite\",\"@id\":\"https:\\\/\\\/cgp.mg\\\/fr\\\/#website\",\"url\":\"https:\\\/\\\/cgp.mg\\\/fr\\\/\",\"name\":\"CGP\",\"description\":\"Management Committee of the Octopus Fishery\",\"publisher\":{\"@id\":\"https:\\\/\\\/cgp.mg\\\/fr\\\/#organization\"},\"potentialAction\":[{\"@type\":\"SearchAction\",\"target\":{\"@type\":\"EntryPoint\",\"urlTemplate\":\"https:\\\/\\\/cgp.mg\\\/fr\\\/?s={search_term_string}\"},\"query-input\":{\"@type\":\"PropertyValueSpecification\",\"valueRequired\":true,\"valueName\":\"search_term_string\"}}],\"inLanguage\":\"fr-FR\"},{\"@type\":\"Organization\",\"@id\":\"https:\\\/\\\/cgp.mg\\\/fr\\\/#organization\",\"name\":\"CGP\",\"url\":\"https:\\\/\\\/cgp.mg\\\/fr\\\/\",\"logo\":{\"@type\":\"ImageObject\",\"inLanguage\":\"fr-FR\",\"@id\":\"https:\\\/\\\/cgp.mg\\\/fr\\\/#\\\/schema\\\/logo\\\/image\\\/\",\"url\":\"https:\\\/\\\/cgp.mg\\\/wp-content\\\/uploads\\\/2020\\\/01\\\/cgp-logo-550x550-1.png\",\"contentUrl\":\"https:\\\/\\\/cgp.mg\\\/wp-content\\\/uploads\\\/2020\\\/01\\\/cgp-logo-550x550-1.png\",\"width\":550,\"height\":550,\"caption\":\"CGP\"},\"image\":{\"@id\":\"https:\\\/\\\/cgp.mg\\\/fr\\\/#\\\/schema\\\/logo\\\/image\\\/\"}}]}<\/script>\n<!-- \/ Yoast SEO plugin. -->","yoast_head_json":{"title":"Les publications - CGP","robots":{"index":"index","follow":"follow","max-snippet":"max-snippet:-1","max-image-preview":"max-image-preview:large","max-video-preview":"max-video-preview:-1"},"canonical":"https:\/\/cgp.mg\/fr\/les-publications\/","og_locale":"fr_FR","og_type":"article","og_title":"Les publications - CGP","og_description":"Les publications T\u00e9l\u00e9chargements de publications \u00c9tude des techniques et des prises accessoires de la p\u00eache aux poulpes T\u00e9l\u00e9charger MSC definition of a credible FIP T\u00e9l\u00e9charger MSC benchmarking and tracking tool T\u00e9l\u00e9charger Raberinary &#038; Benbow 2012 reproductive cycle of Octopus cyanea in southwest Madagascar T\u00e9l\u00e9charger Positive Catch &#038; Economic Benefits of Periodic Octopus Fishery Closures T\u00e9l\u00e9charger [&hellip;]","og_url":"https:\/\/cgp.mg\/fr\/les-publications\/","og_site_name":"CGP","article_modified_time":"2021-11-03T13:33:22+00:00","og_image":[{"url":"https:\/\/cgp.mg\/wp-content\/uploads\/2020\/01\/Memoire-deutz-version-III.jpg","type":"","width":"","height":""}],"twitter_card":"summary_large_image","twitter_misc":{"Dur\u00e9e de lecture estim\u00e9e":"2 minutes"},"schema":{"@context":"https:\/\/schema.org","@graph":[{"@type":"WebPage","@id":"https:\/\/cgp.mg\/fr\/les-publications\/","url":"https:\/\/cgp.mg\/fr\/les-publications\/","name":"Les publications - CGP","isPartOf":{"@id":"https:\/\/cgp.mg\/fr\/#website"},"primaryImageOfPage":{"@id":"https:\/\/cgp.mg\/fr\/les-publications\/#primaryimage"},"image":{"@id":"https:\/\/cgp.mg\/fr\/les-publications\/#primaryimage"},"thumbnailUrl":"https:\/\/cgp.mg\/wp-content\/uploads\/2020\/01\/Memoire-deutz-version-III.jpg","datePublished":"2020-01-20T15:15:46+00:00","dateModified":"2021-11-03T13:33:22+00:00","breadcrumb":{"@id":"https:\/\/cgp.mg\/fr\/les-publications\/#breadcrumb"},"inLanguage":"fr-FR","potentialAction":[{"@type":"ReadAction","target":["https:\/\/cgp.mg\/fr\/les-publications\/"]}]},{"@type":"ImageObject","inLanguage":"fr-FR","@id":"https:\/\/cgp.mg\/fr\/les-publications\/#primaryimage","url":"https:\/\/cgp.mg\/wp-content\/uploads\/2020\/01\/Memoire-deutz-version-III.jpg","contentUrl":"https:\/\/cgp.mg\/wp-content\/uploads\/2020\/01\/Memoire-deutz-version-III.jpg"},{"@type":"BreadcrumbList","@id":"https:\/\/cgp.mg\/fr\/les-publications\/#breadcrumb","itemListElement":[{"@type":"ListItem","position":1,"name":"Home","item":"https:\/\/cgp.mg\/fr\/"},{"@type":"ListItem","position":2,"name":"Les publications"}]},{"@type":"WebSite","@id":"https:\/\/cgp.mg\/fr\/#website","url":"https:\/\/cgp.mg\/fr\/","name":"CGP","description":"Management Committee of the Octopus Fishery","publisher":{"@id":"https:\/\/cgp.mg\/fr\/#organization"},"potentialAction":[{"@type":"SearchAction","target":{"@type":"EntryPoint","urlTemplate":"https:\/\/cgp.mg\/fr\/?s={search_term_string}"},"query-input":{"@type":"PropertyValueSpecification","valueRequired":true,"valueName":"search_term_string"}}],"inLanguage":"fr-FR"},{"@type":"Organization","@id":"https:\/\/cgp.mg\/fr\/#organization","name":"CGP","url":"https:\/\/cgp.mg\/fr\/","logo":{"@type":"ImageObject","inLanguage":"fr-FR","@id":"https:\/\/cgp.mg\/fr\/#\/schema\/logo\/image\/","url":"https:\/\/cgp.mg\/wp-content\/uploads\/2020\/01\/cgp-logo-550x550-1.png","contentUrl":"https:\/\/cgp.mg\/wp-content\/uploads\/2020\/01\/cgp-logo-550x550-1.png","width":550,"height":550,"caption":"CGP"},"image":{"@id":"https:\/\/cgp.mg\/fr\/#\/schema\/logo\/image\/"}}]}},"_links":{"self":[{"href":"https:\/\/cgp.mg\/fr\/wp-json\/wp\/v2\/pages\/20","targetHints":{"allow":["GET"]}}],"collection":[{"href":"https:\/\/cgp.mg\/fr\/wp-json\/wp\/v2\/pages"}],"about":[{"href":"https:\/\/cgp.mg\/fr\/wp-json\/wp\/v2\/types\/page"}],"author":[{"embeddable":true,"href":"https:\/\/cgp.mg\/fr\/wp-json\/wp\/v2\/users\/3"}],"replies":[{"embeddable":true,"href":"https:\/\/cgp.mg\/fr\/wp-json\/wp\/v2\/comments?post=20"}],"version-history":[{"count":0,"href":"https:\/\/cgp.mg\/fr\/wp-json\/wp\/v2\/pages\/20\/revisions"}],"wp:attachment":[{"href":"https:\/\/cgp.mg\/fr\/wp-json\/wp\/v2\/media?parent=20"}],"curies":[{"name":"wp","href":"https:\/\/api.w.org\/{rel}","templated":true}]}}